{"id":42,"date":"2023-08-01T12:50:15","date_gmt":"2023-08-01T15:50:15","guid":{"rendered":"https:\/\/paroquianossasenhoradoo.com.br\/?page_id=42"},"modified":"2023-08-01T15:10:52","modified_gmt":"2023-08-01T18:10:52","slug":"horarios-de-missas","status":"publish","type":"page","link":"https:\/\/paroquianossasenhoradoo.com.br\/index.php\/horarios-de-missas\/","title":{"rendered":"Hor\u00e1rios de Missas"},"content":{"rendered":"\n<p><\/p>\n\n\n\n<div class=\"wp-block-group alignfull has-cyan-bluish-gray-background-color has-background is-layout-constrained wp-block-group-is-layout-constrained\">\n<h2 class=\"wp-block-heading has-text-align-center has-text-color\" style=\"color:#003757\">Quartas-feiras<\/h2>\n\n\n\n<p class=\"has-text-align-center\">19:00 &#8211; Missa &#8211; Igreja Matriz <img loading=\"lazy\" decoding=\"async\" width=\"1280\" height=\"1280\" class=\"wp-image-60\" style=\"width: 30px;\" src=\"https:\/\/paroquianossasenhoradoo.com.br\/wp-content\/uploads\/2023\/08\/logo-google-location-2651379.png\" alt=\"logo, google, location-2651379.jpg\" srcset=\"https:\/\/paroquianossasenhoradoo.com.br\/wp-content\/uploads\/2023\/08\/logo-google-location-2651379.png 1280w, https:\/\/paroquianossasenhoradoo.com.br\/wp-content\/uploads\/2023\/08\/logo-google-location-2651379-300x300.png 300w, https:\/\/paroquianossasenhoradoo.com.br\/wp-content\/uploads\/2023\/08\/logo-google-location-2651379-1024x1024.png 1024w, https:\/\/paroquianossasenhoradoo.com.br\/wp-content\/uploads\/2023\/08\/logo-google-location-2651379-150x150.png 150w, https:\/\/paroquianossasenhoradoo.com.br\/wp-content\/uploads\/2023\/08\/logo-google-location-2651379-768x768.png 768w, https:\/\/paroquianossasenhoradoo.com.br\/wp-content\/uploads\/2023\/08\/logo-google-location-2651379-100x100.png 100w\" sizes=\"(max-width: 1280px) 100vw, 1280px\" \/><\/p>\n<\/div>\n\n\n\n<div class=\"inherit-container-width wp-block-group alignfull has-black-color has-text-color has-background is-layout-constrained wp-block-group-is-layout-constrained\" style=\"background-color:#abb7c2ad\">\n<h2 class=\"wp-block-heading has-text-align-center has-text-color\" style=\"color:#00314f\">Quintas-feiras<\/h2>\n\n\n\n<p class=\"has-text-align-center has-black-color has-text-color\">07:00 &#8211; Missa &#8211; Igreja Matriz <img loading=\"lazy\" decoding=\"async\" width=\"1280\" height=\"1280\" class=\"wp-image-60\" style=\"width: 30px;\" src=\"https:\/\/paroquianossasenhoradoo.com.br\/wp-content\/uploads\/2023\/08\/logo-google-location-2651379.png\" alt=\"logo, google, location-2651379.jpg\" srcset=\"https:\/\/paroquianossasenhoradoo.com.br\/wp-content\/uploads\/2023\/08\/logo-google-location-2651379.png 1280w, https:\/\/paroquianossasenhoradoo.com.br\/wp-content\/uploads\/2023\/08\/logo-google-location-2651379-300x300.png 300w, https:\/\/paroquianossasenhoradoo.com.br\/wp-content\/uploads\/2023\/08\/logo-google-location-2651379-1024x1024.png 1024w, https:\/\/paroquianossasenhoradoo.com.br\/wp-content\/uploads\/2023\/08\/logo-google-location-2651379-150x150.png 150w, https:\/\/paroquianossasenhoradoo.com.br\/wp-content\/uploads\/2023\/08\/logo-google-location-2651379-768x768.png 768w, https:\/\/paroquianossasenhoradoo.com.br\/wp-content\/uploads\/2023\/08\/logo-google-location-2651379-100x100.png 100w\" sizes=\"(max-width: 1280px) 100vw, 1280px\" \/><\/p>\n<\/div>\n\n\n\n<div class=\"inherit-container-width wp-block-group alignfull has-black-color has-text-color has-background is-layout-constrained wp-block-group-is-layout-constrained\" style=\"background-color:#d4d9dd\">\n<h2 class=\"wp-block-heading has-text-align-center has-text-color\" style=\"color:#003757\">Sextas-feiras<\/h2>\n\n\n\n<p class=\"has-text-align-center has-black-color has-text-color\">19:00 &#8211; Missa &#8211; Igreja Matriz <img loading=\"lazy\" decoding=\"async\" width=\"1280\" height=\"1280\" class=\"wp-image-60\" style=\"width: 30px;\" src=\"https:\/\/paroquianossasenhoradoo.com.br\/wp-content\/uploads\/2023\/08\/logo-google-location-2651379.png\" alt=\"logo, google, location-2651379.jpg\" srcset=\"https:\/\/paroquianossasenhoradoo.com.br\/wp-content\/uploads\/2023\/08\/logo-google-location-2651379.png 1280w, https:\/\/paroquianossasenhoradoo.com.br\/wp-content\/uploads\/2023\/08\/logo-google-location-2651379-300x300.png 300w, https:\/\/paroquianossasenhoradoo.com.br\/wp-content\/uploads\/2023\/08\/logo-google-location-2651379-1024x1024.png 1024w, https:\/\/paroquianossasenhoradoo.com.br\/wp-content\/uploads\/2023\/08\/logo-google-location-2651379-150x150.png 150w, https:\/\/paroquianossasenhoradoo.com.br\/wp-content\/uploads\/2023\/08\/logo-google-location-2651379-768x768.png 768w, https:\/\/paroquianossasenhoradoo.com.br\/wp-content\/uploads\/2023\/08\/logo-google-location-2651379-100x100.png 100w\" sizes=\"(max-width: 1280px) 100vw, 1280px\" \/><\/p>\n<\/div>\n\n\n\n<div class=\"inherit-container-width wp-block-group alignfull has-background is-layout-constrained wp-block-group-is-layout-constrained\" style=\"background-color:#c3d8d2\">\n<h2 class=\"wp-block-heading has-text-align-center has-text-color\" style=\"color:#003757\">S\u00e1bados<\/h2>\n\n\n\n<p class=\"has-text-align-center has-black-color has-text-color\">16:00 &#8211; Missa das Crian\u00e7as &#8211; Igreja Matriz (Quinzenal) <img loading=\"lazy\" decoding=\"async\" width=\"1280\" height=\"1280\" class=\"wp-image-60\" style=\"width: 30px;\" src=\"https:\/\/paroquianossasenhoradoo.com.br\/wp-content\/uploads\/2023\/08\/logo-google-location-2651379.png\" alt=\"logo, google, location-2651379.jpg\" srcset=\"https:\/\/paroquianossasenhoradoo.com.br\/wp-content\/uploads\/2023\/08\/logo-google-location-2651379.png 1280w, https:\/\/paroquianossasenhoradoo.com.br\/wp-content\/uploads\/2023\/08\/logo-google-location-2651379-300x300.png 300w, https:\/\/paroquianossasenhoradoo.com.br\/wp-content\/uploads\/2023\/08\/logo-google-location-2651379-1024x1024.png 1024w, https:\/\/paroquianossasenhoradoo.com.br\/wp-content\/uploads\/2023\/08\/logo-google-location-2651379-150x150.png 150w, https:\/\/paroquianossasenhoradoo.com.br\/wp-content\/uploads\/2023\/08\/logo-google-location-2651379-768x768.png 768w, https:\/\/paroquianossasenhoradoo.com.br\/wp-content\/uploads\/2023\/08\/logo-google-location-2651379-100x100.png 100w\" sizes=\"(max-width: 1280px) 100vw, 1280px\" \/><\/p>\n\n\n\n<p class=\"has-text-align-center has-text-color\" style=\"color:#032843\">19:00 &#8211; Missa &#8211; Capela de Santo Ant\u00f4nio &#8211; S\u00edtio Canoas <a rel=\"noreferrer noopener\" href=\"https:\/\/www.google.com\/maps\/dir\/\/Capela+de+Santo+Ant%C3%B4nio,+Unnamed+Road,+Ipojuca+-+PE,+55590-000,+Brasil\/@-8.4610792,-35.0179532,21z\/data=!4m9!4m8!1m0!1m5!1m1!1s0x7aa937b9737b805:0xb92047ce0b7cf1d!2m2!1d-35.0179815!2d-8.461116!3e0?hl=pt&amp;entry=ttu\" data-type=\"URL\" data-id=\"https:\/\/www.google.com\/maps\/dir\/\/Capela+de+Santo+Ant%C3%B4nio,+Unnamed+Road,+Ipojuca+-+PE,+55590-000,+Brasil\/@-8.4610792,-35.0179532,21z\/data=!4m9!4m8!1m0!1m5!1m1!1s0x7aa937b9737b805:0xb92047ce0b7cf1d!2m2!1d-35.0179815!2d-8.461116!3e0?hl=pt&amp;entry=ttu\" target=\"_blank\"><img loading=\"lazy\" decoding=\"async\" width=\"1280\" height=\"1280\" class=\"wp-image-61\" style=\"width: 30px;\" src=\"https:\/\/paroquianossasenhoradoo.com.br\/wp-content\/uploads\/2023\/08\/icon-contact-flat-2446689.png\" alt=\"icon, contact, flat-2446689.jpg\" srcset=\"https:\/\/paroquianossasenhoradoo.com.br\/wp-content\/uploads\/2023\/08\/icon-contact-flat-2446689.png 1280w, https:\/\/paroquianossasenhoradoo.com.br\/wp-content\/uploads\/2023\/08\/icon-contact-flat-2446689-300x300.png 300w, https:\/\/paroquianossasenhoradoo.com.br\/wp-content\/uploads\/2023\/08\/icon-contact-flat-2446689-1024x1024.png 1024w, https:\/\/paroquianossasenhoradoo.com.br\/wp-content\/uploads\/2023\/08\/icon-contact-flat-2446689-150x150.png 150w, https:\/\/paroquianossasenhoradoo.com.br\/wp-content\/uploads\/2023\/08\/icon-contact-flat-2446689-768x768.png 768w, https:\/\/paroquianossasenhoradoo.com.br\/wp-content\/uploads\/2023\/08\/icon-contact-flat-2446689-100x100.png 100w\" sizes=\"(max-width: 1280px) 100vw, 1280px\" \/><\/a><\/p>\n<\/div>\n\n\n\n<div class=\"inherit-container-width wp-block-group alignfull has-background is-layout-constrained wp-block-group-is-layout-constrained\" style=\"background-color:#89b9ae\">\n<h2 class=\"wp-block-heading has-text-align-center has-text-color\" style=\"color:#003757\">Domingos<\/h2>\n\n\n\n<p class=\"has-text-align-center has-black-color has-text-color\">07:00 &#8211; Missa Dominical &#8211; Igreja Matriz <img loading=\"lazy\" decoding=\"async\" width=\"1280\" height=\"1280\" class=\"wp-image-60\" style=\"width: 30px;\" src=\"https:\/\/paroquianossasenhoradoo.com.br\/wp-content\/uploads\/2023\/08\/logo-google-location-2651379.png\" alt=\"logo, google, location-2651379.jpg\" srcset=\"https:\/\/paroquianossasenhoradoo.com.br\/wp-content\/uploads\/2023\/08\/logo-google-location-2651379.png 1280w, https:\/\/paroquianossasenhoradoo.com.br\/wp-content\/uploads\/2023\/08\/logo-google-location-2651379-300x300.png 300w, https:\/\/paroquianossasenhoradoo.com.br\/wp-content\/uploads\/2023\/08\/logo-google-location-2651379-1024x1024.png 1024w, https:\/\/paroquianossasenhoradoo.com.br\/wp-content\/uploads\/2023\/08\/logo-google-location-2651379-150x150.png 150w, https:\/\/paroquianossasenhoradoo.com.br\/wp-content\/uploads\/2023\/08\/logo-google-location-2651379-768x768.png 768w, https:\/\/paroquianossasenhoradoo.com.br\/wp-content\/uploads\/2023\/08\/logo-google-location-2651379-100x100.png 100w\" sizes=\"(max-width: 1280px) 100vw, 1280px\" \/><\/p>\n\n\n\n<p class=\"has-text-align-center has-text-color\" style=\"color:#032843\">16:00 &#8211; Missa Dominical &#8211; Capela de Nossa Senhora das Gra\u00e7as <a href=\"https:\/\/www.google.com\/maps\/place\/Capela+de+Nossa+Senhora+das+Gra%C3%A7as\/@-8.4423834,-35.0191716,21z\/data=!4m20!1m13!4m12!1m3!2m2!1d-35.0189881!2d-8.4423808!1m6!1m2!1s0x7aa92b8358ee449:0xdc92f61dceb3c450!2sCapela+de+Nossa+Senhora+das+Gra%C3%A7as,+Rocha+Lima,+4+-+Nossa+Sra.+do+O,+Ipojuca+-+PE,+55590-000,+Brasil!2m2!1d-35.0189947!2d-8.4424075!3e0!3m5!1s0x7aa92b8358ee449:0xdc92f61dceb3c450!8m2!3d-8.4424075!4d-35.0189947!16s%2Fg%2F11g7nrc9h5?hl=pt&amp;entry=ttu\" data-type=\"URL\" data-id=\"https:\/\/www.google.com\/maps\/place\/Capela+de+Nossa+Senhora+das+Gra%C3%A7as\/@-8.4423834,-35.0191716,21z\/data=!4m20!1m13!4m12!1m3!2m2!1d-35.0189881!2d-8.4423808!1m6!1m2!1s0x7aa92b8358ee449:0xdc92f61dceb3c450!2sCapela+de+Nossa+Senhora+das+Gra%C3%A7as,+Rocha+Lima,+4+-+Nossa+Sra.+do+O,+Ipojuca+-+PE,+55590-000,+Brasil!2m2!1d-35.0189947!2d-8.4424075!3e0!3m5!1s0x7aa92b8358ee449:0xdc92f61dceb3c450!8m2!3d-8.4424075!4d-35.0189947!16s%2Fg%2F11g7nrc9h5?hl=pt&amp;entry=ttu\" target=\"_blank\" rel=\"noreferrer noopener\"><img loading=\"lazy\" decoding=\"async\" width=\"801\" height=\"1280\" class=\"wp-image-62\" style=\"width: 20px;\" src=\"https:\/\/paroquianossasenhoradoo.com.br\/wp-content\/uploads\/2023\/08\/location-poi-pin-304467.png\" alt=\"location, poi, pin-304467.jpg\" srcset=\"https:\/\/paroquianossasenhoradoo.com.br\/wp-content\/uploads\/2023\/08\/location-poi-pin-304467.png 801w, https:\/\/paroquianossasenhoradoo.com.br\/wp-content\/uploads\/2023\/08\/location-poi-pin-304467-188x300.png 188w, https:\/\/paroquianossasenhoradoo.com.br\/wp-content\/uploads\/2023\/08\/location-poi-pin-304467-641x1024.png 641w, https:\/\/paroquianossasenhoradoo.com.br\/wp-content\/uploads\/2023\/08\/location-poi-pin-304467-768x1227.png 768w\" sizes=\"(max-width: 801px) 100vw, 801px\" \/><\/a><\/p>\n\n\n\n<p class=\"has-text-align-center has-black-color has-text-color\">19:00 &#8211; Missa Dominical &#8211; Igreja Matriz <img loading=\"lazy\" decoding=\"async\" width=\"1280\" height=\"1280\" class=\"wp-image-60\" style=\"width: 30px;\" src=\"https:\/\/paroquianossasenhoradoo.com.br\/wp-content\/uploads\/2023\/08\/logo-google-location-2651379.png\" alt=\"logo, google, location-2651379.jpg\" srcset=\"https:\/\/paroquianossasenhoradoo.com.br\/wp-content\/uploads\/2023\/08\/logo-google-location-2651379.png 1280w, https:\/\/paroquianossasenhoradoo.com.br\/wp-content\/uploads\/2023\/08\/logo-google-location-2651379-300x300.png 300w, https:\/\/paroquianossasenhoradoo.com.br\/wp-content\/uploads\/2023\/08\/logo-google-location-2651379-1024x1024.png 1024w, https:\/\/paroquianossasenhoradoo.com.br\/wp-content\/uploads\/2023\/08\/logo-google-location-2651379-150x150.png 150w, https:\/\/paroquianossasenhoradoo.com.br\/wp-content\/uploads\/2023\/08\/logo-google-location-2651379-768x768.png 768w, https:\/\/paroquianossasenhoradoo.com.br\/wp-content\/uploads\/2023\/08\/logo-google-location-2651379-100x100.png 100w\" sizes=\"(max-width: 1280px) 100vw, 1280px\" \/><\/p>\n<\/div>\n","protected":false},"excerpt":{"rendered":"<p>Quartas-feiras 19:00 &#8211; Missa &#8211; Igreja Matriz Quintas-feiras 07:00 &#8211; Missa &#8211; Igreja Matriz Sextas-feiras 19:00 &#8211; Missa &#8211; Igreja Matriz S\u00e1bados 16:00 &#8211; Missa das Crian\u00e7as &#8211; Igreja Matriz (Quinzenal) 19:00 &#8211; Missa &#8211; Capela de Santo Ant\u00f4nio &#8211; S\u00edtio Canoas Domingos 07:00 &#8211; Missa Dominical &#8211; Igreja Matriz 16:00 &#8211; Missa Dominical &#8211; &hellip;<\/p>\n<p class=\"read-more\"> <a class=\"\" href=\"https:\/\/paroquianossasenhoradoo.com.br\/index.php\/horarios-de-missas\/\"> <span class=\"screen-reader-text\">Hor\u00e1rios de Missas<\/span> Read More &raquo;<\/a><\/p>\n","protected":false},"author":1,"featured_media":0,"parent":0,"menu_order":0,"comment_status":"closed","ping_status":"closed","template":"","meta":{"_uag_custom_page_level_css":"","site-sidebar-layout":"default","site-content-layout":"default","ast-global-header-display":"","ast-banner-title-visibility":"","ast-main-header-display":"","ast-hfb-above-header-display":"","ast-hfb-below-header-display":"","ast-hfb-mobile-header-display":"","site-post-title":"","ast-breadcrumbs-content":"","ast-featured-img":"","footer-sml-layout":"","theme-transparent-header-meta":"","adv-header-id-meta":"","stick-header-meta":"","header-above-stick-meta":"","header-main-stick-meta":"","header-below-stick-meta":"","footnotes":""},"uagb_featured_image_src":{"full":false,"thumbnail":false,"medium":false,"medium_large":false,"large":false,"1536x1536":false,"2048x2048":false},"uagb_author_info":{"display_name":"murilor","author_link":"https:\/\/paroquianossasenhoradoo.com.br\/index.php\/author\/murilor\/"},"uagb_comment_info":0,"uagb_excerpt":"Quartas-feiras 19:00 &#8211; Missa &#8211; Igreja Matriz Quintas-feiras 07:00 &#8211; Missa &#8211; Igreja Matriz Sextas-feiras 19:00 &#8211; Missa &#8211; Igreja Matriz S\u00e1bados 16:00 &#8211; Missa das Crian\u00e7as &#8211; Igreja Matriz (Quinzenal) 19:00 &#8211; Missa &#8211; Capela de Santo Ant\u00f4nio &#8211; S\u00edtio Canoas Domingos 07:00 &#8211; Missa Dominical &#8211; Igreja Matriz 16:00 &#8211; Missa Dominical &#8211;&hellip;","_links":{"self":[{"href":"https:\/\/paroquianossasenhoradoo.com.br\/index.php\/wp-json\/wp\/v2\/pages\/42"}],"collection":[{"href":"https:\/\/paroquianossasenhoradoo.com.br\/index.php\/wp-json\/wp\/v2\/pages"}],"about":[{"href":"https:\/\/paroquianossasenhoradoo.com.br\/index.php\/wp-json\/wp\/v2\/types\/page"}],"author":[{"embeddable":true,"href":"https:\/\/paroquianossasenhoradoo.com.br\/index.php\/wp-json\/wp\/v2\/users\/1"}],"replies":[{"embeddable":true,"href":"https:\/\/paroquianossasenhoradoo.com.br\/index.php\/wp-json\/wp\/v2\/comments?post=42"}],"version-history":[{"count":4,"href":"https:\/\/paroquianossasenhoradoo.com.br\/index.php\/wp-json\/wp\/v2\/pages\/42\/revisions"}],"predecessor-version":[{"id":88,"href":"https:\/\/paroquianossasenhoradoo.com.br\/index.php\/wp-json\/wp\/v2\/pages\/42\/revisions\/88"}],"wp:attachment":[{"href":"https:\/\/paroquianossasenhoradoo.com.br\/index.php\/wp-json\/wp\/v2\/media?parent=42"}],"curies":[{"name":"wp","href":"https:\/\/api.w.org\/{rel}","templated":true}]}}